{"id":822,"date":"2026-02-20T11:54:41","date_gmt":"2026-02-20T10:54:41","guid":{"rendered":"https:\/\/www.wfosigw.lodz.pl\/bip\/?page_id=822"},"modified":"2026-02-20T11:54:41","modified_gmt":"2026-02-20T10:54:41","slug":"sposob-przyjmowania-i-zalatwiania-spraw","status":"publish","type":"page","link":"https:\/\/www.wfosigw.lodz.pl\/bip\/sposob-przyjmowania-i-zalatwiania-spraw\/","title":{"rendered":"Spos\u00f3b przyjmowania i za\u0142atwiania spraw"},"content":{"rendered":"<p>Wojew\u00f3dzki Fundusz Ochrony \u015arodowiska i Gospodarki Wodnej w \u0141odzi przyjmuje i za\u0142atwia sprawy w formie papierowej oraz elektronicznej.<\/p>\n<ol>\n<li><strong> Sk\u0142adanie dokument\u00f3w w formie elektronicznej<\/strong><\/li>\n<\/ol>\n<p>Podstawowym sposobem wnoszenia dokument\u00f3w w formie elektronicznej s\u0105 e-Dor\u0119czenia.<br \/>\nDokumenty mo\u017cna kierowa\u0107 na adres do dor\u0119cze\u0144 elektronicznych:<\/p>\n<p><strong>AE:PL-94496-22903-CEGUH-17<\/strong><\/p>\n<p>Ponadto dokumenty mog\u0105 by\u0107 sk\u0142adane za po\u015brednictwem elektronicznej skrzynki podawczej <strong>ePUAP<\/strong>:<br \/>\n<strong>\/WFOSIGWLODZ\/SkrytkaESP<\/strong><br \/>\n(z uwagi na stopniowe wygaszanie funkcjonalno\u015bci <strong>ePUAP<\/strong>, zaleca si\u0119 korzystanie<br \/>\nz <strong>e-Dor\u0119cze\u0144<\/strong>).<\/p>\n<p>Dodatkowo dokumenty mog\u0105 by\u0107 przekazywane drog\u0105 elektroniczn\u0105 na adres e-mail:<\/p>\n<p><a href=\"mailto:fundusz@wfosigw.lodz.pl\">fundusz@wfosigw.lodz.pl<\/a><\/p>\n<ol start=\"2\">\n<li><strong> Sk\u0142adanie dokument\u00f3w w formie papierowej<br \/>\n<\/strong>Dokumenty mo\u017cna sk\u0142ada\u0107:<\/li>\n<\/ol>\n<ul>\n<li>osobi\u015bcie w siedzibie Funduszu w godzinach pracy Kancelarii: 7:30-16:00<\/li>\n<li>za po\u015brednictwem operatora pocztowego na adres:<br \/>\nWojew\u00f3dzki Fundusz Ochrony \u015arodowiska i Gospodarki Wodnej w \u0141odzi,<br \/>\nul. Dubois 118<br \/>\n93-465 \u0141\u00f3d\u017a<\/li>\n<\/ul>\n<ol start=\"3\">\n<li><strong> Wnioski o udost\u0119pnienie informacji publicznej<\/strong><\/li>\n<\/ol>\n<p>Wniosek o udost\u0119pnienie informacji publicznej mo\u017ce by\u0107 z\u0142o\u017cony w dowolnej formie,<br \/>\nw szczeg\u00f3lno\u015bci:<\/p>\n<ul>\n<li>pisemnie (osobi\u015bcie lub poczt\u0105),<\/li>\n<li>elektronicznie \u2013 za po\u015brednictwem <strong>e-Dor\u0119cze\u0144<\/strong>, <strong>ePUAP<\/strong> lub poczty elektronicznej<br \/>\n(e \u2013 mail: <a href=\"mailto:fundusz@wfosigw.lodz.pl\">fundusz@wfosigw.lodz.pl<\/a>)<\/li>\n<li>ustnie \u2013 je\u017celi informacja mo\u017ce by\u0107 udost\u0119pniona niezw\u0142ocznie;<\/li>\n<li>ustnie do protoko\u0142u \u2013 w przypadku gdy informacja publiczna nie mo\u017ce by\u0107 udost\u0119pniona niezw\u0142ocznie.<\/li>\n<\/ul>\n<p>Na stronie BIP Funduszu dost\u0119pny jest <a href=\"https:\/\/www.wfosigw.lodz.pl\/bip\/pliki\/page\/f44396c34803c77749f829a9839cd0941.docx\">formularz wniosku o udost\u0119pnienie informacji publicznej<\/a>, kt\u00f3ry ma charakter pomocniczy. Skorzystanie z formularza nie jest obowi\u0105zkowe.<\/p>\n","protected":false},"excerpt":{"rendered":"<p>Wojew\u00f3dzki Fundusz Ochrony \u015arodowiska i Gospodarki Wodnej w \u0141odzi przyjmuje i za\u0142atwia sprawy w formie papierowej oraz elektronicznej. Sk\u0142adanie dokument\u00f3w w formie elektronicznej Podstawowym sposobem wnoszenia dokument\u00f3w w formie elektronicznej&#8230;<\/p>\n","protected":false},"author":4,"featured_media":0,"parent":0,"menu_order":0,"comment_status":"closed","ping_status":"closed","template":"","meta":{"_acf_changed":false,"footnotes":""},"class_list":["post-822","page","type-page","status-publish","hentry"],"acf":[],"yoast_head":"<!-- This site is optimized with the Yoast SEO plugin v27.3 - https:\/\/yoast.com\/product\/yoast-seo-wordpress\/ -->\n<title>Spos\u00f3b przyjmowania i za\u0142atwiania spraw - Biuletyn Informacji Publicznej WFO\u015aiGW w \u0141odzi<\/title>\n<meta name=\"robots\" content=\"index, follow, max-snippet:-1, max-image-preview:large, max-video-preview:-1\" \/>\n<link rel=\"canonical\" href=\"https:\/\/www.wfosigw.lodz.pl\/bip\/sposob-przyjmowania-i-zalatwiania-spraw\/\" \/>\n<meta property=\"og:locale\" content=\"pl_PL\" \/>\n<meta property=\"og:type\" content=\"article\" \/>\n<meta property=\"og:title\" content=\"Spos\u00f3b przyjmowania i za\u0142atwiania spraw - Biuletyn Informacji Publicznej WFO\u015aiGW w \u0141odzi\" \/>\n<meta property=\"og:description\" content=\"Wojew\u00f3dzki Fundusz Ochrony \u015arodowiska i Gospodarki Wodnej w \u0141odzi przyjmuje i za\u0142atwia sprawy w formie papierowej oraz elektronicznej. Sk\u0142adanie dokument\u00f3w w formie elektronicznej Podstawowym sposobem wnoszenia dokument\u00f3w w formie elektronicznej...\" \/>\n<meta property=\"og:url\" content=\"https:\/\/www.wfosigw.lodz.pl\/bip\/sposob-przyjmowania-i-zalatwiania-spraw\/\" \/>\n<meta property=\"og:site_name\" content=\"Biuletyn Informacji Publicznej WFO\u015aiGW w \u0141odzi\" \/>\n<meta property=\"article:publisher\" content=\"https:\/\/www.facebook.com\/wfosigw.lodz\/\" \/>\n<meta property=\"og:image\" content=\"https:\/\/www.wfosigw.lodz.pl\/bip\/pliki\/baner-min-1920x700.jpg.webp\" \/>\n\t<meta property=\"og:image:width\" content=\"1920\" \/>\n\t<meta property=\"og:image:height\" content=\"700\" \/>\n\t<meta property=\"og:image:type\" content=\"image\/webp\" \/>\n<meta name=\"twitter:card\" content=\"summary_large_image\" \/>\n<meta name=\"twitter:label1\" content=\"Szacowany czas czytania\" \/>\n\t<meta name=\"twitter:data1\" content=\"2 minuty\" \/>\n<script type=\"application\/ld+json\" class=\"yoast-schema-graph\">{\"@context\":\"https:\\\/\\\/schema.org\",\"@graph\":[{\"@type\":\"WebPage\",\"@id\":\"https:\\\/\\\/www.wfosigw.lodz.pl\\\/bip\\\/sposob-przyjmowania-i-zalatwiania-spraw\\\/\",\"url\":\"https:\\\/\\\/www.wfosigw.lodz.pl\\\/bip\\\/sposob-przyjmowania-i-zalatwiania-spraw\\\/\",\"name\":\"Spos\u00f3b przyjmowania i za\u0142atwiania spraw - Biuletyn Informacji Publicznej WFO\u015aiGW w \u0141odzi\",\"isPartOf\":{\"@id\":\"https:\\\/\\\/www.wfosigw.lodz.pl\\\/bip\\\/#website\"},\"datePublished\":\"2026-02-20T10:54:41+00:00\",\"breadcrumb\":{\"@id\":\"https:\\\/\\\/www.wfosigw.lodz.pl\\\/bip\\\/sposob-przyjmowania-i-zalatwiania-spraw\\\/#breadcrumb\"},\"inLanguage\":\"pl-PL\",\"potentialAction\":[{\"@type\":\"ReadAction\",\"target\":[\"https:\\\/\\\/www.wfosigw.lodz.pl\\\/bip\\\/sposob-przyjmowania-i-zalatwiania-spraw\\\/\"]}]},{\"@type\":\"BreadcrumbList\",\"@id\":\"https:\\\/\\\/www.wfosigw.lodz.pl\\\/bip\\\/sposob-przyjmowania-i-zalatwiania-spraw\\\/#breadcrumb\",\"itemListElement\":[{\"@type\":\"ListItem\",\"position\":1,\"name\":\"Strona g\u0142\u00f3wna\",\"item\":\"https:\\\/\\\/www.wfosigw.lodz.pl\\\/bip\\\/\"},{\"@type\":\"ListItem\",\"position\":2,\"name\":\"Spos\u00f3b przyjmowania i za\u0142atwiania spraw\"}]},{\"@type\":\"WebSite\",\"@id\":\"https:\\\/\\\/www.wfosigw.lodz.pl\\\/bip\\\/#website\",\"url\":\"https:\\\/\\\/www.wfosigw.lodz.pl\\\/bip\\\/\",\"name\":\"Biuletyn Informacji Publicznej WFO\u015aiGW w \u0141odzi\",\"description\":\"\",\"publisher\":{\"@id\":\"https:\\\/\\\/www.wfosigw.lodz.pl\\\/bip\\\/#organization\"},\"potentialAction\":[{\"@type\":\"SearchAction\",\"target\":{\"@type\":\"EntryPoint\",\"urlTemplate\":\"https:\\\/\\\/www.wfosigw.lodz.pl\\\/bip\\\/?s={search_term_string}\"},\"query-input\":{\"@type\":\"PropertyValueSpecification\",\"valueRequired\":true,\"valueName\":\"search_term_string\"}}],\"inLanguage\":\"pl-PL\"},{\"@type\":\"Organization\",\"@id\":\"https:\\\/\\\/www.wfosigw.lodz.pl\\\/bip\\\/#organization\",\"name\":\"Biuletyn Informacji Publicznej WFO\u015aiGW w \u0141odzi\",\"url\":\"https:\\\/\\\/www.wfosigw.lodz.pl\\\/bip\\\/\",\"logo\":{\"@type\":\"ImageObject\",\"inLanguage\":\"pl-PL\",\"@id\":\"https:\\\/\\\/www.wfosigw.lodz.pl\\\/bip\\\/#\\\/schema\\\/logo\\\/image\\\/\",\"url\":\"https:\\\/\\\/www.wfosigw.lodz.pl\\\/bip\\\/pliki\\\/logo-wfosigw-1.svg\",\"contentUrl\":\"https:\\\/\\\/www.wfosigw.lodz.pl\\\/bip\\\/pliki\\\/logo-wfosigw-1.svg\",\"width\":1,\"height\":1,\"caption\":\"Biuletyn Informacji Publicznej WFO\u015aiGW w \u0141odzi\"},\"image\":{\"@id\":\"https:\\\/\\\/www.wfosigw.lodz.pl\\\/bip\\\/#\\\/schema\\\/logo\\\/image\\\/\"},\"sameAs\":[\"https:\\\/\\\/www.facebook.com\\\/wfosigw.lodz\\\/\"]}]}<\/script>\n<!-- \/ Yoast SEO plugin. -->","yoast_head_json":{"title":"Spos\u00f3b przyjmowania i za\u0142atwiania spraw - Biuletyn Informacji Publicznej WFO\u015aiGW w \u0141odzi","robots":{"index":"index","follow":"follow","max-snippet":"max-snippet:-1","max-image-preview":"max-image-preview:large","max-video-preview":"max-video-preview:-1"},"canonical":"https:\/\/www.wfosigw.lodz.pl\/bip\/sposob-przyjmowania-i-zalatwiania-spraw\/","og_locale":"pl_PL","og_type":"article","og_title":"Spos\u00f3b przyjmowania i za\u0142atwiania spraw - Biuletyn Informacji Publicznej WFO\u015aiGW w \u0141odzi","og_description":"Wojew\u00f3dzki Fundusz Ochrony \u015arodowiska i Gospodarki Wodnej w \u0141odzi przyjmuje i za\u0142atwia sprawy w formie papierowej oraz elektronicznej. Sk\u0142adanie dokument\u00f3w w formie elektronicznej Podstawowym sposobem wnoszenia dokument\u00f3w w formie elektronicznej...","og_url":"https:\/\/www.wfosigw.lodz.pl\/bip\/sposob-przyjmowania-i-zalatwiania-spraw\/","og_site_name":"Biuletyn Informacji Publicznej WFO\u015aiGW w \u0141odzi","article_publisher":"https:\/\/www.facebook.com\/wfosigw.lodz\/","og_image":[{"width":1920,"height":700,"url":"https:\/\/www.wfosigw.lodz.pl\/bip\/pliki\/baner-min-1920x700.jpg.webp","type":"image\/webp"}],"twitter_card":"summary_large_image","twitter_misc":{"Szacowany czas czytania":"2 minuty"},"schema":{"@context":"https:\/\/schema.org","@graph":[{"@type":"WebPage","@id":"https:\/\/www.wfosigw.lodz.pl\/bip\/sposob-przyjmowania-i-zalatwiania-spraw\/","url":"https:\/\/www.wfosigw.lodz.pl\/bip\/sposob-przyjmowania-i-zalatwiania-spraw\/","name":"Spos\u00f3b przyjmowania i za\u0142atwiania spraw - Biuletyn Informacji Publicznej WFO\u015aiGW w \u0141odzi","isPartOf":{"@id":"https:\/\/www.wfosigw.lodz.pl\/bip\/#website"},"datePublished":"2026-02-20T10:54:41+00:00","breadcrumb":{"@id":"https:\/\/www.wfosigw.lodz.pl\/bip\/sposob-przyjmowania-i-zalatwiania-spraw\/#breadcrumb"},"inLanguage":"pl-PL","potentialAction":[{"@type":"ReadAction","target":["https:\/\/www.wfosigw.lodz.pl\/bip\/sposob-przyjmowania-i-zalatwiania-spraw\/"]}]},{"@type":"BreadcrumbList","@id":"https:\/\/www.wfosigw.lodz.pl\/bip\/sposob-przyjmowania-i-zalatwiania-spraw\/#breadcrumb","itemListElement":[{"@type":"ListItem","position":1,"name":"Strona g\u0142\u00f3wna","item":"https:\/\/www.wfosigw.lodz.pl\/bip\/"},{"@type":"ListItem","position":2,"name":"Spos\u00f3b przyjmowania i za\u0142atwiania spraw"}]},{"@type":"WebSite","@id":"https:\/\/www.wfosigw.lodz.pl\/bip\/#website","url":"https:\/\/www.wfosigw.lodz.pl\/bip\/","name":"Biuletyn Informacji Publicznej WFO\u015aiGW w \u0141odzi","description":"","publisher":{"@id":"https:\/\/www.wfosigw.lodz.pl\/bip\/#organization"},"potentialAction":[{"@type":"SearchAction","target":{"@type":"EntryPoint","urlTemplate":"https:\/\/www.wfosigw.lodz.pl\/bip\/?s={search_term_string}"},"query-input":{"@type":"PropertyValueSpecification","valueRequired":true,"valueName":"search_term_string"}}],"inLanguage":"pl-PL"},{"@type":"Organization","@id":"https:\/\/www.wfosigw.lodz.pl\/bip\/#organization","name":"Biuletyn Informacji Publicznej WFO\u015aiGW w \u0141odzi","url":"https:\/\/www.wfosigw.lodz.pl\/bip\/","logo":{"@type":"ImageObject","inLanguage":"pl-PL","@id":"https:\/\/www.wfosigw.lodz.pl\/bip\/#\/schema\/logo\/image\/","url":"https:\/\/www.wfosigw.lodz.pl\/bip\/pliki\/logo-wfosigw-1.svg","contentUrl":"https:\/\/www.wfosigw.lodz.pl\/bip\/pliki\/logo-wfosigw-1.svg","width":1,"height":1,"caption":"Biuletyn Informacji Publicznej WFO\u015aiGW w \u0141odzi"},"image":{"@id":"https:\/\/www.wfosigw.lodz.pl\/bip\/#\/schema\/logo\/image\/"},"sameAs":["https:\/\/www.facebook.com\/wfosigw.lodz\/"]}]}},"_links":{"self":[{"href":"https:\/\/www.wfosigw.lodz.pl\/bip\/wp-json\/wp\/v2\/pages\/822","targetHints":{"allow":["GET"]}}],"collection":[{"href":"https:\/\/www.wfosigw.lodz.pl\/bip\/wp-json\/wp\/v2\/pages"}],"about":[{"href":"https:\/\/www.wfosigw.lodz.pl\/bip\/wp-json\/wp\/v2\/types\/page"}],"author":[{"embeddable":true,"href":"https:\/\/www.wfosigw.lodz.pl\/bip\/wp-json\/wp\/v2\/users\/4"}],"replies":[{"embeddable":true,"href":"https:\/\/www.wfosigw.lodz.pl\/bip\/wp-json\/wp\/v2\/comments?post=822"}],"version-history":[{"count":1,"href":"https:\/\/www.wfosigw.lodz.pl\/bip\/wp-json\/wp\/v2\/pages\/822\/revisions"}],"predecessor-version":[{"id":823,"href":"https:\/\/www.wfosigw.lodz.pl\/bip\/wp-json\/wp\/v2\/pages\/822\/revisions\/823"}],"wp:attachment":[{"href":"https:\/\/www.wfosigw.lodz.pl\/bip\/wp-json\/wp\/v2\/media?parent=822"}],"curies":[{"name":"wp","href":"https:\/\/api.w.org\/{rel}","templated":true}]}}