{"id":34,"date":"2024-12-23T09:29:12","date_gmt":"2024-12-23T08:29:12","guid":{"rendered":"https:\/\/www.wfosigw.lodz.pl\/bip\/?page_id=34"},"modified":"2026-03-11T15:23:21","modified_gmt":"2026-03-11T14:23:21","slug":"kontrola-zarzadcza","status":"publish","type":"page","link":"https:\/\/www.wfosigw.lodz.pl\/bip\/o-funduszu\/dzialalnosc-funduszu\/kontrola-zarzadcza\/","title":{"rendered":"Kontrola zarz\u0105dcza"},"content":{"rendered":"<ul>\n<li style=\"list-style-type: none;\">\n<ul>\n<li><a href=\"https:\/\/www.wfosigw.lodz.pl\/bip\/pliki\/2025_12_10-Plan-KZ-26-FUNDUSZ-LODZ-BIP.pdf\">Plan Dzia\u0142alno\u015bci na 2026 r.<\/a><\/li>\n<li><a href=\"https:\/\/www.wfosigw.lodz.pl\/bip\/pliki\/2024_12_18-Plan-Dzialalnosci-2025-Fundusz-Lodz.pdf\">Plan Dzia\u0142alno\u015bci na 2025 r.<\/a><\/li>\n<li><a href=\"https:\/\/www.wfosigw.lodz.pl\/bip\/pliki\/2026_02_16-OSKZ25-Fundusz-Lodz.pdf\">O\u015bwiadczenie o stanie kontroli zarz\u0105dczej za 2025 r.<\/a><\/li>\n<li><a href=\"https:\/\/www.wfosigw.lodz.pl\/bip\/pliki\/2026_01_22-Sprawozdanie-PDKZ-2025.pdf\">Sprawozdanie z wykonania Planu dzia\u0142alno\u015bci za 2025 r.<\/a><\/li>\n<li><a href=\"https:\/\/www.wfosigw.lodz.pl\/archiwum\/images\/dokumenty\/Plan_Dzia\u0142alno\u015bci_KZ_2024.pdf\">Plan Dzia\u0142alno\u015bci na 2024 r.<\/a><\/li>\n<li><a href=\"https:\/\/www.wfosigw.lodz.pl\/bip\/pliki\/2025_02_13-Oswiadczenie-OSKZ-24-Lodz.pdf\">O\u015bwiadczenie o stanie kontroli zarz\u0105dczej za 2024 r.<\/a><\/li>\n<li><a href=\"https:\/\/www.wfosigw.lodz.pl\/bip\/pliki\/2025_02_13-Sprawozdanie-roczne-Plan-24KZ-Lodz.pdf\">Sprawozdanie z wykonania Planu dzia\u0142alno\u015bci za 2024 r.<\/a><\/li>\n<li><a href=\"https:\/\/www.wfosigw.lodz.pl\/archiwum\/images\/BIP\/Plan_Dzia\u0142alno\u015bci_WFO\u015aiGW_w_\u0141odzi_2023_KZ.pdf\">Plan dzia\u0142alno\u015bci na 2023 r.<\/a><\/li>\n<li><a href=\"https:\/\/www.wfosigw.lodz.pl\/archiwum\/images\/BIP\/2024_02_15_oswiadczenie_OSKZ_Fundusz_lodz.pdf\">O\u015bwiadczenie o\u00a0stanie kontroli zarz\u0105dczej za 2023 r.<\/a><\/li>\n<li><a href=\"https:\/\/www.wfosigw.lodz.pl\/archiwum\/images\/BIP\/2024_02_15_sprawozdanie_PDKZ23_fundusz_lodz.pdf\">Sprawozdanie z\u00a0wykonania Planu Dzia\u0142alno\u015bci za 2023 r.<\/a><\/li>\n<li><a class=\"wf_file\" href=\"https:\/\/www.wfosigw.lodz.pl\/archiwum\/images\/Plan_KZ_2022_na_BIP.pdf\" target=\"_blank\" rel=\"noopener\"><span class=\"wf_file_text\">Plan Dzia\u0142alno\u015bci na 2022 r.<\/span><\/a><\/li>\n<li><a href=\"https:\/\/www.wfosigw.lodz.pl\/archiwum\/images\/BIP\/2023_02_14_sprawozdanie_Plan_Dzialalnosci_za_2022.pdf\">Sprawozdanie z\u00a0wykonania Planu Dzia\u0142alno\u015bci za 2022 r.<\/a><\/li>\n<li><a href=\"https:\/\/www.wfosigw.lodz.pl\/archiwum\/images\/BIP\/2023_02_15oswiadczenie_OSKZ_2022_Fundusz_lodz.pdf\">O\u015bwiadczenie o\u00a0stanie kontroli zarz\u0105dczej za 2022 r.<\/a><\/li>\n<li><a class=\"wf_file\" href=\"https:\/\/www.wfosigw.lodz.pl\/archiwum\/images\/Plan_KZ_2021_na_BIP.pdf\" target=\"_blank\" rel=\"noopener\"><span class=\"wf_file_text\">Plan Dzia\u0142alno\u015bci na 2021 r.<\/span><\/a><\/li>\n<li><a class=\"wf_file\" href=\"https:\/\/www.wfosigw.lodz.pl\/archiwum\/images\/2022_oswiadczenie_o_stanie_KZ.pdf\" target=\"_blank\" rel=\"noopener\"><span class=\"wf_file_text\">O\u015bwiadczenie o\u00a0stanie kontroli zarz\u0105dczej za 2021 r.<\/span><\/a><\/li>\n<li><a class=\"wf_file\" href=\"https:\/\/www.wfosigw.lodz.pl\/archiwum\/images\/Sprawozdanie_z_wykonania_Planu_KZ_2021_na_BIP.pdf\" target=\"_blank\" rel=\"noopener\"><span class=\"wf_file_text\">Sprawozdanie z\u00a0wykonania Planu Dzia\u0142alno\u015bci na 2021 r<\/span><\/a>.<\/li>\n<\/ul>\n<\/li>\n<\/ul>\n<p>&nbsp;<\/p>\n","protected":false},"excerpt":{"rendered":"<p>Plan Dzia\u0142alno\u015bci na 2026 r. Plan Dzia\u0142alno\u015bci na 2025 r. O\u015bwiadczenie o stanie kontroli zarz\u0105dczej za 2025 r. Sprawozdanie z wykonania Planu dzia\u0142alno\u015bci za 2025 r. Plan Dzia\u0142alno\u015bci na 2024&#8230;<\/p>\n","protected":false},"author":1,"featured_media":0,"parent":20,"menu_order":0,"comment_status":"closed","ping_status":"closed","template":"","meta":{"_acf_changed":false,"footnotes":""},"class_list":["post-34","page","type-page","status-publish","hentry"],"acf":[],"yoast_head":"<!-- This site is optimized with the Yoast SEO plugin v27.4 - https:\/\/yoast.com\/product\/yoast-seo-wordpress\/ -->\n<title>Kontrola zarz\u0105dcza - Biuletyn Informacji Publicznej WFO\u015aiGW w \u0141odzi<\/title>\n<meta name=\"robots\" content=\"index, follow, max-snippet:-1, max-image-preview:large, max-video-preview:-1\" \/>\n<link rel=\"canonical\" href=\"https:\/\/www.wfosigw.lodz.pl\/bip\/o-funduszu\/dzialalnosc-funduszu\/kontrola-zarzadcza\/\" \/>\n<meta property=\"og:locale\" content=\"pl_PL\" \/>\n<meta property=\"og:type\" content=\"article\" \/>\n<meta property=\"og:title\" content=\"Kontrola zarz\u0105dcza - Biuletyn Informacji Publicznej WFO\u015aiGW w \u0141odzi\" \/>\n<meta property=\"og:description\" content=\"Plan Dzia\u0142alno\u015bci na 2026 r. Plan Dzia\u0142alno\u015bci na 2025 r. O\u015bwiadczenie o stanie kontroli zarz\u0105dczej za 2025 r. Sprawozdanie z wykonania Planu dzia\u0142alno\u015bci za 2025 r. Plan Dzia\u0142alno\u015bci na 2024...\" \/>\n<meta property=\"og:url\" content=\"https:\/\/www.wfosigw.lodz.pl\/bip\/o-funduszu\/dzialalnosc-funduszu\/kontrola-zarzadcza\/\" \/>\n<meta property=\"og:site_name\" content=\"Biuletyn Informacji Publicznej WFO\u015aiGW w \u0141odzi\" \/>\n<meta property=\"article:publisher\" content=\"https:\/\/www.facebook.com\/wfosigw.lodz\/\" \/>\n<meta property=\"article:modified_time\" content=\"2026-03-11T14:23:21+00:00\" \/>\n<meta property=\"og:image\" content=\"https:\/\/www.wfosigw.lodz.pl\/bip\/pliki\/baner-min-1920x700.jpg.webp\" \/>\n\t<meta property=\"og:image:width\" content=\"1920\" \/>\n\t<meta property=\"og:image:height\" content=\"700\" \/>\n\t<meta property=\"og:image:type\" content=\"image\/webp\" \/>\n<meta name=\"twitter:card\" content=\"summary_large_image\" \/>\n<meta name=\"twitter:label1\" content=\"Szacowany czas czytania\" \/>\n\t<meta name=\"twitter:data1\" content=\"1 minuta\" \/>\n<script type=\"application\/ld+json\" class=\"yoast-schema-graph\">{\"@context\":\"https:\\\/\\\/schema.org\",\"@graph\":[{\"@type\":\"WebPage\",\"@id\":\"https:\\\/\\\/www.wfosigw.lodz.pl\\\/bip\\\/o-funduszu\\\/dzialalnosc-funduszu\\\/kontrola-zarzadcza\\\/\",\"url\":\"https:\\\/\\\/www.wfosigw.lodz.pl\\\/bip\\\/o-funduszu\\\/dzialalnosc-funduszu\\\/kontrola-zarzadcza\\\/\",\"name\":\"Kontrola zarz\u0105dcza - Biuletyn Informacji Publicznej WFO\u015aiGW w \u0141odzi\",\"isPartOf\":{\"@id\":\"https:\\\/\\\/www.wfosigw.lodz.pl\\\/bip\\\/#website\"},\"datePublished\":\"2024-12-23T08:29:12+00:00\",\"dateModified\":\"2026-03-11T14:23:21+00:00\",\"breadcrumb\":{\"@id\":\"https:\\\/\\\/www.wfosigw.lodz.pl\\\/bip\\\/o-funduszu\\\/dzialalnosc-funduszu\\\/kontrola-zarzadcza\\\/#breadcrumb\"},\"inLanguage\":\"pl-PL\",\"potentialAction\":[{\"@type\":\"ReadAction\",\"target\":[\"https:\\\/\\\/www.wfosigw.lodz.pl\\\/bip\\\/o-funduszu\\\/dzialalnosc-funduszu\\\/kontrola-zarzadcza\\\/\"]}]},{\"@type\":\"BreadcrumbList\",\"@id\":\"https:\\\/\\\/www.wfosigw.lodz.pl\\\/bip\\\/o-funduszu\\\/dzialalnosc-funduszu\\\/kontrola-zarzadcza\\\/#breadcrumb\",\"itemListElement\":[{\"@type\":\"ListItem\",\"position\":1,\"name\":\"Strona g\u0142\u00f3wna\",\"item\":\"https:\\\/\\\/www.wfosigw.lodz.pl\\\/bip\\\/\"},{\"@type\":\"ListItem\",\"position\":2,\"name\":\"O Funduszu\",\"item\":\"https:\\\/\\\/www.wfosigw.lodz.pl\\\/bip\\\/o-funduszu\\\/\"},{\"@type\":\"ListItem\",\"position\":3,\"name\":\"Dzia\u0142alno\u015b\u0107 Funduszu\",\"item\":\"https:\\\/\\\/www.wfosigw.lodz.pl\\\/bip\\\/o-funduszu\\\/dzialalnosc-funduszu\\\/\"},{\"@type\":\"ListItem\",\"position\":4,\"name\":\"Kontrola zarz\u0105dcza\"}]},{\"@type\":\"WebSite\",\"@id\":\"https:\\\/\\\/www.wfosigw.lodz.pl\\\/bip\\\/#website\",\"url\":\"https:\\\/\\\/www.wfosigw.lodz.pl\\\/bip\\\/\",\"name\":\"Biuletyn Informacji Publicznej WFO\u015aiGW w \u0141odzi\",\"description\":\"\",\"publisher\":{\"@id\":\"https:\\\/\\\/www.wfosigw.lodz.pl\\\/bip\\\/#organization\"},\"potentialAction\":[{\"@type\":\"SearchAction\",\"target\":{\"@type\":\"EntryPoint\",\"urlTemplate\":\"https:\\\/\\\/www.wfosigw.lodz.pl\\\/bip\\\/?s={search_term_string}\"},\"query-input\":{\"@type\":\"PropertyValueSpecification\",\"valueRequired\":true,\"valueName\":\"search_term_string\"}}],\"inLanguage\":\"pl-PL\"},{\"@type\":\"Organization\",\"@id\":\"https:\\\/\\\/www.wfosigw.lodz.pl\\\/bip\\\/#organization\",\"name\":\"Biuletyn Informacji Publicznej WFO\u015aiGW w \u0141odzi\",\"url\":\"https:\\\/\\\/www.wfosigw.lodz.pl\\\/bip\\\/\",\"logo\":{\"@type\":\"ImageObject\",\"inLanguage\":\"pl-PL\",\"@id\":\"https:\\\/\\\/www.wfosigw.lodz.pl\\\/bip\\\/#\\\/schema\\\/logo\\\/image\\\/\",\"url\":\"https:\\\/\\\/www.wfosigw.lodz.pl\\\/bip\\\/pliki\\\/logo-wfosigw-1.svg\",\"contentUrl\":\"https:\\\/\\\/www.wfosigw.lodz.pl\\\/bip\\\/pliki\\\/logo-wfosigw-1.svg\",\"width\":1,\"height\":1,\"caption\":\"Biuletyn Informacji Publicznej WFO\u015aiGW w \u0141odzi\"},\"image\":{\"@id\":\"https:\\\/\\\/www.wfosigw.lodz.pl\\\/bip\\\/#\\\/schema\\\/logo\\\/image\\\/\"},\"sameAs\":[\"https:\\\/\\\/www.facebook.com\\\/wfosigw.lodz\\\/\"]}]}<\/script>\n<!-- \/ Yoast SEO plugin. -->","yoast_head_json":{"title":"Kontrola zarz\u0105dcza - Biuletyn Informacji Publicznej WFO\u015aiGW w \u0141odzi","robots":{"index":"index","follow":"follow","max-snippet":"max-snippet:-1","max-image-preview":"max-image-preview:large","max-video-preview":"max-video-preview:-1"},"canonical":"https:\/\/www.wfosigw.lodz.pl\/bip\/o-funduszu\/dzialalnosc-funduszu\/kontrola-zarzadcza\/","og_locale":"pl_PL","og_type":"article","og_title":"Kontrola zarz\u0105dcza - Biuletyn Informacji Publicznej WFO\u015aiGW w \u0141odzi","og_description":"Plan Dzia\u0142alno\u015bci na 2026 r. Plan Dzia\u0142alno\u015bci na 2025 r. O\u015bwiadczenie o stanie kontroli zarz\u0105dczej za 2025 r. Sprawozdanie z wykonania Planu dzia\u0142alno\u015bci za 2025 r. Plan Dzia\u0142alno\u015bci na 2024...","og_url":"https:\/\/www.wfosigw.lodz.pl\/bip\/o-funduszu\/dzialalnosc-funduszu\/kontrola-zarzadcza\/","og_site_name":"Biuletyn Informacji Publicznej WFO\u015aiGW w \u0141odzi","article_publisher":"https:\/\/www.facebook.com\/wfosigw.lodz\/","article_modified_time":"2026-03-11T14:23:21+00:00","og_image":[{"width":1920,"height":700,"url":"https:\/\/www.wfosigw.lodz.pl\/bip\/pliki\/baner-min-1920x700.jpg.webp","type":"image\/webp"}],"twitter_card":"summary_large_image","twitter_misc":{"Szacowany czas czytania":"1 minuta"},"schema":{"@context":"https:\/\/schema.org","@graph":[{"@type":"WebPage","@id":"https:\/\/www.wfosigw.lodz.pl\/bip\/o-funduszu\/dzialalnosc-funduszu\/kontrola-zarzadcza\/","url":"https:\/\/www.wfosigw.lodz.pl\/bip\/o-funduszu\/dzialalnosc-funduszu\/kontrola-zarzadcza\/","name":"Kontrola zarz\u0105dcza - Biuletyn Informacji Publicznej WFO\u015aiGW w \u0141odzi","isPartOf":{"@id":"https:\/\/www.wfosigw.lodz.pl\/bip\/#website"},"datePublished":"2024-12-23T08:29:12+00:00","dateModified":"2026-03-11T14:23:21+00:00","breadcrumb":{"@id":"https:\/\/www.wfosigw.lodz.pl\/bip\/o-funduszu\/dzialalnosc-funduszu\/kontrola-zarzadcza\/#breadcrumb"},"inLanguage":"pl-PL","potentialAction":[{"@type":"ReadAction","target":["https:\/\/www.wfosigw.lodz.pl\/bip\/o-funduszu\/dzialalnosc-funduszu\/kontrola-zarzadcza\/"]}]},{"@type":"BreadcrumbList","@id":"https:\/\/www.wfosigw.lodz.pl\/bip\/o-funduszu\/dzialalnosc-funduszu\/kontrola-zarzadcza\/#breadcrumb","itemListElement":[{"@type":"ListItem","position":1,"name":"Strona g\u0142\u00f3wna","item":"https:\/\/www.wfosigw.lodz.pl\/bip\/"},{"@type":"ListItem","position":2,"name":"O Funduszu","item":"https:\/\/www.wfosigw.lodz.pl\/bip\/o-funduszu\/"},{"@type":"ListItem","position":3,"name":"Dzia\u0142alno\u015b\u0107 Funduszu","item":"https:\/\/www.wfosigw.lodz.pl\/bip\/o-funduszu\/dzialalnosc-funduszu\/"},{"@type":"ListItem","position":4,"name":"Kontrola zarz\u0105dcza"}]},{"@type":"WebSite","@id":"https:\/\/www.wfosigw.lodz.pl\/bip\/#website","url":"https:\/\/www.wfosigw.lodz.pl\/bip\/","name":"Biuletyn Informacji Publicznej WFO\u015aiGW w \u0141odzi","description":"","publisher":{"@id":"https:\/\/www.wfosigw.lodz.pl\/bip\/#organization"},"potentialAction":[{"@type":"SearchAction","target":{"@type":"EntryPoint","urlTemplate":"https:\/\/www.wfosigw.lodz.pl\/bip\/?s={search_term_string}"},"query-input":{"@type":"PropertyValueSpecification","valueRequired":true,"valueName":"search_term_string"}}],"inLanguage":"pl-PL"},{"@type":"Organization","@id":"https:\/\/www.wfosigw.lodz.pl\/bip\/#organization","name":"Biuletyn Informacji Publicznej WFO\u015aiGW w \u0141odzi","url":"https:\/\/www.wfosigw.lodz.pl\/bip\/","logo":{"@type":"ImageObject","inLanguage":"pl-PL","@id":"https:\/\/www.wfosigw.lodz.pl\/bip\/#\/schema\/logo\/image\/","url":"https:\/\/www.wfosigw.lodz.pl\/bip\/pliki\/logo-wfosigw-1.svg","contentUrl":"https:\/\/www.wfosigw.lodz.pl\/bip\/pliki\/logo-wfosigw-1.svg","width":1,"height":1,"caption":"Biuletyn Informacji Publicznej WFO\u015aiGW w \u0141odzi"},"image":{"@id":"https:\/\/www.wfosigw.lodz.pl\/bip\/#\/schema\/logo\/image\/"},"sameAs":["https:\/\/www.facebook.com\/wfosigw.lodz\/"]}]}},"_links":{"self":[{"href":"https:\/\/www.wfosigw.lodz.pl\/bip\/wp-json\/wp\/v2\/pages\/34","targetHints":{"allow":["GET"]}}],"collection":[{"href":"https:\/\/www.wfosigw.lodz.pl\/bip\/wp-json\/wp\/v2\/pages"}],"about":[{"href":"https:\/\/www.wfosigw.lodz.pl\/bip\/wp-json\/wp\/v2\/types\/page"}],"author":[{"embeddable":true,"href":"https:\/\/www.wfosigw.lodz.pl\/bip\/wp-json\/wp\/v2\/users\/1"}],"replies":[{"embeddable":true,"href":"https:\/\/www.wfosigw.lodz.pl\/bip\/wp-json\/wp\/v2\/comments?post=34"}],"version-history":[{"count":13,"href":"https:\/\/www.wfosigw.lodz.pl\/bip\/wp-json\/wp\/v2\/pages\/34\/revisions"}],"predecessor-version":[{"id":928,"href":"https:\/\/www.wfosigw.lodz.pl\/bip\/wp-json\/wp\/v2\/pages\/34\/revisions\/928"}],"up":[{"embeddable":true,"href":"https:\/\/www.wfosigw.lodz.pl\/bip\/wp-json\/wp\/v2\/pages\/20"}],"wp:attachment":[{"href":"https:\/\/www.wfosigw.lodz.pl\/bip\/wp-json\/wp\/v2\/media?parent=34"}],"curies":[{"name":"wp","href":"https:\/\/api.w.org\/{rel}","templated":true}]}}