{"id":11,"date":"2024-12-23T09:10:17","date_gmt":"2024-12-23T08:10:17","guid":{"rendered":"https:\/\/www.wfosigw.lodz.pl\/bip\/?page_id=11"},"modified":"2024-12-23T09:22:15","modified_gmt":"2024-12-23T08:22:15","slug":"strona-glowna","status":"publish","type":"page","link":"https:\/\/www.wfosigw.lodz.pl\/bip\/","title":{"rendered":"Wojew\u00f3dzki Fundusz Ochrony \u015arodowiska i Gospodarki Wodnej w \u0141odzi"},"content":{"rendered":"<p>Niniejszy Biuletyn zosta\u0142 utworzony zgodnie z\u00a0wymogami okre\u015blonymi w\u00a0rozporz\u0105dzeniu Ministra Spraw Wewn\u0119trznych i\u00a0Administracji z\u00a0dnia 17 maja 2002 r. w\u00a0sprawie Biuletynu Informacji Publicznej (Dz. U. z\u00a0dnia 5 czerwca 2002 r.).<\/p>\n<p>Nawigacj\u0119 po stronach BIP umo\u017cliwia menu umieszczone w lewej cz\u0119\u015bci strony. Znajduj\u0105ce si\u0119 tam grupy tematyczne posiadaj\u0105 rozwijalne podmenu.<\/p>\n<p>Wyb\u00f3r interesuj\u0105cej informacji jest dokonywany, podobnie jak w przypadku ka\u017cdej innej strony internetowej, przez naci\u015bni\u0119cie &#8222;przycisku&#8221; &#8211; b\u0119d\u0105cego jednocze\u015bnie polem opisuj\u0105cym dan\u0105 informacj\u0119.<\/p>\n<p>Na stronach w\u00a0lewym g\u00f3rnym rogu znajduje si\u0119 logo WFO\u015aiGW w\u00a0\u0141odzi umo\u017cliwiaj\u0105ce powr\u00f3t do strony g\u0142\u00f3wnej, czyli do aktualno\u015bci serwisu. Na stronach w\u00a0prawym g\u00f3rnym rogu znajduje si\u0119 r\u00f3wnie\u017c przycisk ekranowy umo\u017cliwiaj\u0105cy po\u0142\u0105czenie si\u0119 ze stron\u0105 g\u0142\u00f3wn\u0105 BIP (<strong><a href=\"http:\/\/www.bip.gov.pl\/\">www.bip.gov.pl<\/a><\/strong>).<\/p>\n<p><strong>Ka\u017cda informacja, kt\u00f3ra jest opublikowana w\u00a0Biuletynie Informacji Publicznej jest identyfikowana poprzez okre\u015blenie daty oraz osoby, kt\u00f3ra jest odpowiedzialna za:<\/strong><\/p>\n<div>\n<ul>\n<li>wytworzenie informacji,<\/li>\n<li>wprowadzenie informacji do file.php?i=podstrony BIP,<\/li>\n<li>zaakceptowanie tre\u015bci informacji,<\/li>\n<li>ostatni\u0105 zmian\u0119 tre\u015bci informacji.<\/li>\n<\/ul>\n<\/div>\n<p>Biuletyn posiada wyszukiwark\u0119 kontekstow\u0105, pozwalaj\u0105c\u0105 na dotarcie do szukanej informacji po podaniu wyrazu (lub jego cz\u0119\u015bci) wchodz\u0105cego w\u00a0sk\u0142ad szukanego tekstu.Istnieje tak\u017ce rejestr wszystkich zmian tre\u015bci informacji ze wskazaniem daty od kt\u00f3rej te zmiany obowi\u0105zuj\u0105 oraz os\u00f3b, kt\u00f3re dokona\u0142y tych zmian.<\/p>\n<p>Na stronie g\u0142\u00f3wnej serwisu podana jest data ostatniej modyfikacji serwisu, osoba odpowiedzialna za jego udost\u0119pnienie, osoba wprowadzaj\u0105ca dany dokument do Biuletynu.<\/p>\n<p>Serwis nie zawiera ramek, mo\u017ce by\u0107 otwierany r\u00f3wnie\u017c na przegl\u0105darkach tekstowych w\u00a0systemie linux. Obj\u0119to\u015b\u0107 zosta\u0142a zminimalizowana tak, \u017ceby przy braku \u0142\u0105cza sta\u0142ego i\u00a0po\u0142\u0105czeniu modemowym \u0142adowanie stron odbywa\u0142o si\u0119 szybko i\u00a0bezproblemowo.<\/p>\n<p>Serwis zosta\u0142 zoptymalizowany do pracy z przegl\u0105dark\u0105 MS Internet Explorer w wersji 4 lub wy\u017cszej w rozdzielczo\u015bci ekranu 1024*768.<br \/>\nW przypadku wyst\u0105pienia problem\u00f3w prosimy o\u00a0kontakt przez e-mail z\u00a0administratorem serwisu.<\/p>\n<p><a class=\"mail_btn\" href=\"https:\/\/epuap.gov.pl\/wps\/portal\/strefa-klienta\/katalog-spraw\/opis-uslugi\/pismo-ogolne-do-urzedu\/WFOSIGWLODZ\" target=\"_blank\" rel=\"noopener\">Elektroniczna skrzynka podawcza<\/a><\/p>\n","protected":false},"excerpt":{"rendered":"<p>Niniejszy Biuletyn zosta\u0142 utworzony zgodnie z\u00a0wymogami okre\u015blonymi w\u00a0rozporz\u0105dzeniu Ministra Spraw Wewn\u0119trznych i\u00a0Administracji z\u00a0dnia 17 maja 2002 r. w\u00a0sprawie Biuletynu Informacji Publicznej (Dz. U. z\u00a0dnia 5 czerwca 2002 r.). Nawigacj\u0119 po&#8230;<\/p>\n","protected":false},"author":1,"featured_media":0,"parent":0,"menu_order":0,"comment_status":"closed","ping_status":"closed","template":"glowna.php","meta":{"_acf_changed":false,"footnotes":""},"class_list":["post-11","page","type-page","status-publish","hentry"],"acf":[],"yoast_head":"<!-- This site is optimized with the Yoast SEO plugin v27.4 - https:\/\/yoast.com\/product\/yoast-seo-wordpress\/ -->\n<title>Wojew\u00f3dzki Fundusz Ochrony \u015arodowiska i Gospodarki Wodnej w \u0141odzi - Biuletyn Informacji Publicznej WFO\u015aiGW w \u0141odzi<\/title>\n<meta name=\"robots\" content=\"index, follow, max-snippet:-1, max-image-preview:large, max-video-preview:-1\" \/>\n<link rel=\"canonical\" href=\"https:\/\/www.wfosigw.lodz.pl\/bip\/\" \/>\n<meta property=\"og:locale\" content=\"pl_PL\" \/>\n<meta property=\"og:type\" content=\"article\" \/>\n<meta property=\"og:title\" content=\"Wojew\u00f3dzki Fundusz Ochrony \u015arodowiska i Gospodarki Wodnej w \u0141odzi - Biuletyn Informacji Publicznej WFO\u015aiGW w \u0141odzi\" \/>\n<meta property=\"og:description\" content=\"Niniejszy Biuletyn zosta\u0142 utworzony zgodnie z\u00a0wymogami okre\u015blonymi w\u00a0rozporz\u0105dzeniu Ministra Spraw Wewn\u0119trznych i\u00a0Administracji z\u00a0dnia 17 maja 2002 r. w\u00a0sprawie Biuletynu Informacji Publicznej (Dz. U. z\u00a0dnia 5 czerwca 2002 r.). Nawigacj\u0119 po...\" \/>\n<meta property=\"og:url\" content=\"https:\/\/www.wfosigw.lodz.pl\/bip\/\" \/>\n<meta property=\"og:site_name\" content=\"Biuletyn Informacji Publicznej WFO\u015aiGW w \u0141odzi\" \/>\n<meta property=\"article:publisher\" content=\"https:\/\/www.facebook.com\/wfosigw.lodz\/\" \/>\n<meta property=\"article:modified_time\" content=\"2024-12-23T08:22:15+00:00\" \/>\n<meta property=\"og:image\" content=\"https:\/\/www.wfosigw.lodz.pl\/bip\/pliki\/baner-min-1920x700.jpg.webp\" \/>\n\t<meta property=\"og:image:width\" content=\"1920\" \/>\n\t<meta property=\"og:image:height\" content=\"700\" \/>\n\t<meta property=\"og:image:type\" content=\"image\/webp\" \/>\n<meta name=\"twitter:card\" content=\"summary_large_image\" \/>\n<meta name=\"twitter:label1\" content=\"Szacowany czas czytania\" \/>\n\t<meta name=\"twitter:data1\" content=\"2 minuty\" \/>\n<script type=\"application\/ld+json\" class=\"yoast-schema-graph\">{\"@context\":\"https:\\\/\\\/schema.org\",\"@graph\":[{\"@type\":\"WebPage\",\"@id\":\"https:\\\/\\\/www.wfosigw.lodz.pl\\\/bip\\\/\",\"url\":\"https:\\\/\\\/www.wfosigw.lodz.pl\\\/bip\\\/\",\"name\":\"Wojew\u00f3dzki Fundusz Ochrony \u015arodowiska i Gospodarki Wodnej w \u0141odzi - Biuletyn Informacji Publicznej WFO\u015aiGW w \u0141odzi\",\"isPartOf\":{\"@id\":\"https:\\\/\\\/www.wfosigw.lodz.pl\\\/bip\\\/#website\"},\"datePublished\":\"2024-12-23T08:10:17+00:00\",\"dateModified\":\"2024-12-23T08:22:15+00:00\",\"breadcrumb\":{\"@id\":\"https:\\\/\\\/www.wfosigw.lodz.pl\\\/bip\\\/#breadcrumb\"},\"inLanguage\":\"pl-PL\",\"potentialAction\":[{\"@type\":\"ReadAction\",\"target\":[\"https:\\\/\\\/www.wfosigw.lodz.pl\\\/bip\\\/\"]}]},{\"@type\":\"BreadcrumbList\",\"@id\":\"https:\\\/\\\/www.wfosigw.lodz.pl\\\/bip\\\/#breadcrumb\",\"itemListElement\":[{\"@type\":\"ListItem\",\"position\":1,\"name\":\"Strona g\u0142\u00f3wna\",\"item\":\"https:\\\/\\\/www.wfosigw.lodz.pl\\\/bip\\\/\"},{\"@type\":\"ListItem\",\"position\":2,\"name\":\"Wojew\u00f3dzki Fundusz Ochrony \u015arodowiska i Gospodarki Wodnej w \u0141odzi\"}]},{\"@type\":\"WebSite\",\"@id\":\"https:\\\/\\\/www.wfosigw.lodz.pl\\\/bip\\\/#website\",\"url\":\"https:\\\/\\\/www.wfosigw.lodz.pl\\\/bip\\\/\",\"name\":\"Biuletyn Informacji Publicznej WFO\u015aiGW w \u0141odzi\",\"description\":\"\",\"publisher\":{\"@id\":\"https:\\\/\\\/www.wfosigw.lodz.pl\\\/bip\\\/#organization\"},\"potentialAction\":[{\"@type\":\"SearchAction\",\"target\":{\"@type\":\"EntryPoint\",\"urlTemplate\":\"https:\\\/\\\/www.wfosigw.lodz.pl\\\/bip\\\/?s={search_term_string}\"},\"query-input\":{\"@type\":\"PropertyValueSpecification\",\"valueRequired\":true,\"valueName\":\"search_term_string\"}}],\"inLanguage\":\"pl-PL\"},{\"@type\":\"Organization\",\"@id\":\"https:\\\/\\\/www.wfosigw.lodz.pl\\\/bip\\\/#organization\",\"name\":\"Biuletyn Informacji Publicznej WFO\u015aiGW w \u0141odzi\",\"url\":\"https:\\\/\\\/www.wfosigw.lodz.pl\\\/bip\\\/\",\"logo\":{\"@type\":\"ImageObject\",\"inLanguage\":\"pl-PL\",\"@id\":\"https:\\\/\\\/www.wfosigw.lodz.pl\\\/bip\\\/#\\\/schema\\\/logo\\\/image\\\/\",\"url\":\"https:\\\/\\\/www.wfosigw.lodz.pl\\\/bip\\\/pliki\\\/logo-wfosigw-1.svg\",\"contentUrl\":\"https:\\\/\\\/www.wfosigw.lodz.pl\\\/bip\\\/pliki\\\/logo-wfosigw-1.svg\",\"width\":1,\"height\":1,\"caption\":\"Biuletyn Informacji Publicznej WFO\u015aiGW w \u0141odzi\"},\"image\":{\"@id\":\"https:\\\/\\\/www.wfosigw.lodz.pl\\\/bip\\\/#\\\/schema\\\/logo\\\/image\\\/\"},\"sameAs\":[\"https:\\\/\\\/www.facebook.com\\\/wfosigw.lodz\\\/\"]}]}<\/script>\n<!-- \/ Yoast SEO plugin. -->","yoast_head_json":{"title":"Wojew\u00f3dzki Fundusz Ochrony \u015arodowiska i Gospodarki Wodnej w \u0141odzi - Biuletyn Informacji Publicznej WFO\u015aiGW w \u0141odzi","robots":{"index":"index","follow":"follow","max-snippet":"max-snippet:-1","max-image-preview":"max-image-preview:large","max-video-preview":"max-video-preview:-1"},"canonical":"https:\/\/www.wfosigw.lodz.pl\/bip\/","og_locale":"pl_PL","og_type":"article","og_title":"Wojew\u00f3dzki Fundusz Ochrony \u015arodowiska i Gospodarki Wodnej w \u0141odzi - Biuletyn Informacji Publicznej WFO\u015aiGW w \u0141odzi","og_description":"Niniejszy Biuletyn zosta\u0142 utworzony zgodnie z\u00a0wymogami okre\u015blonymi w\u00a0rozporz\u0105dzeniu Ministra Spraw Wewn\u0119trznych i\u00a0Administracji z\u00a0dnia 17 maja 2002 r. w\u00a0sprawie Biuletynu Informacji Publicznej (Dz. U. z\u00a0dnia 5 czerwca 2002 r.). Nawigacj\u0119 po...","og_url":"https:\/\/www.wfosigw.lodz.pl\/bip\/","og_site_name":"Biuletyn Informacji Publicznej WFO\u015aiGW w \u0141odzi","article_publisher":"https:\/\/www.facebook.com\/wfosigw.lodz\/","article_modified_time":"2024-12-23T08:22:15+00:00","og_image":[{"width":1920,"height":700,"url":"https:\/\/www.wfosigw.lodz.pl\/bip\/pliki\/baner-min-1920x700.jpg.webp","type":"image\/webp"}],"twitter_card":"summary_large_image","twitter_misc":{"Szacowany czas czytania":"2 minuty"},"schema":{"@context":"https:\/\/schema.org","@graph":[{"@type":"WebPage","@id":"https:\/\/www.wfosigw.lodz.pl\/bip\/","url":"https:\/\/www.wfosigw.lodz.pl\/bip\/","name":"Wojew\u00f3dzki Fundusz Ochrony \u015arodowiska i Gospodarki Wodnej w \u0141odzi - Biuletyn Informacji Publicznej WFO\u015aiGW w \u0141odzi","isPartOf":{"@id":"https:\/\/www.wfosigw.lodz.pl\/bip\/#website"},"datePublished":"2024-12-23T08:10:17+00:00","dateModified":"2024-12-23T08:22:15+00:00","breadcrumb":{"@id":"https:\/\/www.wfosigw.lodz.pl\/bip\/#breadcrumb"},"inLanguage":"pl-PL","potentialAction":[{"@type":"ReadAction","target":["https:\/\/www.wfosigw.lodz.pl\/bip\/"]}]},{"@type":"BreadcrumbList","@id":"https:\/\/www.wfosigw.lodz.pl\/bip\/#breadcrumb","itemListElement":[{"@type":"ListItem","position":1,"name":"Strona g\u0142\u00f3wna","item":"https:\/\/www.wfosigw.lodz.pl\/bip\/"},{"@type":"ListItem","position":2,"name":"Wojew\u00f3dzki Fundusz Ochrony \u015arodowiska i Gospodarki Wodnej w \u0141odzi"}]},{"@type":"WebSite","@id":"https:\/\/www.wfosigw.lodz.pl\/bip\/#website","url":"https:\/\/www.wfosigw.lodz.pl\/bip\/","name":"Biuletyn Informacji Publicznej WFO\u015aiGW w \u0141odzi","description":"","publisher":{"@id":"https:\/\/www.wfosigw.lodz.pl\/bip\/#organization"},"potentialAction":[{"@type":"SearchAction","target":{"@type":"EntryPoint","urlTemplate":"https:\/\/www.wfosigw.lodz.pl\/bip\/?s={search_term_string}"},"query-input":{"@type":"PropertyValueSpecification","valueRequired":true,"valueName":"search_term_string"}}],"inLanguage":"pl-PL"},{"@type":"Organization","@id":"https:\/\/www.wfosigw.lodz.pl\/bip\/#organization","name":"Biuletyn Informacji Publicznej WFO\u015aiGW w \u0141odzi","url":"https:\/\/www.wfosigw.lodz.pl\/bip\/","logo":{"@type":"ImageObject","inLanguage":"pl-PL","@id":"https:\/\/www.wfosigw.lodz.pl\/bip\/#\/schema\/logo\/image\/","url":"https:\/\/www.wfosigw.lodz.pl\/bip\/pliki\/logo-wfosigw-1.svg","contentUrl":"https:\/\/www.wfosigw.lodz.pl\/bip\/pliki\/logo-wfosigw-1.svg","width":1,"height":1,"caption":"Biuletyn Informacji Publicznej WFO\u015aiGW w \u0141odzi"},"image":{"@id":"https:\/\/www.wfosigw.lodz.pl\/bip\/#\/schema\/logo\/image\/"},"sameAs":["https:\/\/www.facebook.com\/wfosigw.lodz\/"]}]}},"_links":{"self":[{"href":"https:\/\/www.wfosigw.lodz.pl\/bip\/wp-json\/wp\/v2\/pages\/11","targetHints":{"allow":["GET"]}}],"collection":[{"href":"https:\/\/www.wfosigw.lodz.pl\/bip\/wp-json\/wp\/v2\/pages"}],"about":[{"href":"https:\/\/www.wfosigw.lodz.pl\/bip\/wp-json\/wp\/v2\/types\/page"}],"author":[{"embeddable":true,"href":"https:\/\/www.wfosigw.lodz.pl\/bip\/wp-json\/wp\/v2\/users\/1"}],"replies":[{"embeddable":true,"href":"https:\/\/www.wfosigw.lodz.pl\/bip\/wp-json\/wp\/v2\/comments?post=11"}],"version-history":[{"count":4,"href":"https:\/\/www.wfosigw.lodz.pl\/bip\/wp-json\/wp\/v2\/pages\/11\/revisions"}],"predecessor-version":[{"id":17,"href":"https:\/\/www.wfosigw.lodz.pl\/bip\/wp-json\/wp\/v2\/pages\/11\/revisions\/17"}],"wp:attachment":[{"href":"https:\/\/www.wfosigw.lodz.pl\/bip\/wp-json\/wp\/v2\/media?parent=11"}],"curies":[{"name":"wp","href":"https:\/\/api.w.org\/{rel}","templated":true}]}}